{"id":333,"date":"2025-06-09T16:49:05","date_gmt":"2025-06-09T20:49:05","guid":{"rendered":"https:\/\/conceptwebactiv.com\/dev\/conticaffe_1\/order-online\/"},"modified":"2026-01-14T14:13:32","modified_gmt":"2026-01-14T19:13:32","slug":"order-online","status":"publish","type":"page","link":"https:\/\/conticaffe.com\/en\/order-online\/","title":{"rendered":"Order online"},"content":{"rendered":"\t\t<div data-elementor-type=\"wp-page\" data-elementor-id=\"333\" class=\"elementor elementor-333 elementor-105\" data-elementor-post-type=\"page\">\n\t\t\t\t<div class=\"elementor-element elementor-element-22c37f9 e-flex e-con-boxed e-con e-parent\" data-id=\"22c37f9\" data-element_type=\"container\" data-e-type=\"container\">\n\t\t\t\t\t<div class=\"e-con-inner\">\n\t\t\t\t<div class=\"elementor-element elementor-element-80b80f9 elementor-widget__width-inherit de_scroll_animation_no elementor-widget elementor-widget-text-editor\" data-id=\"80b80f9\" data-element_type=\"widget\" data-e-type=\"widget\" data-widget_type=\"text-editor.default\">\n\t\t\t\t<div class=\"elementor-widget-container\">\n\t\t\t\t\t\t\t\t\t<p>For all takeout orders, please contact us at 418-692-4191.<\/p>\n<p>Please note that we require 48 hours to prepare your order.<\/p>\n\t\t\t\t\t\t\t\t<\/div>\n\t\t\t\t<\/div>\n\t\t\t\t\t<\/div>\n\t\t\t\t<\/div>\n\t\t<div class=\"elementor-element elementor-element-12c91f7 e-flex e-con-boxed e-con e-parent\" data-id=\"12c91f7\" data-element_type=\"container\" data-e-type=\"container\" data-settings=\"{&quot;background_background&quot;:&quot;classic&quot;}\">\n\t\t\t\t\t<div class=\"e-con-inner\">\n\t\t<div class=\"elementor-element elementor-element-4d19a7b e-con-full e-flex e-con e-child\" data-id=\"4d19a7b\" data-element_type=\"container\" data-e-type=\"container\" data-settings=\"{&quot;background_background&quot;:&quot;classic&quot;}\">\n\t\t\t\t<\/div>\n\t\t\t\t\t<\/div>\n\t\t\t\t<\/div>\n\t\t\t\t<\/div>\n\t\t","protected":false},"excerpt":{"rendered":"<p>For all takeout orders, please contact us at 418-692-4191. Please note that we require 48 hours to prepare your order. Entr\u00e9es Accompagnements Bo\u00eetes Plats principaux Sauces Desserts Potage Minestrone (1 litre) 19.00&#036; Adding&#8230; Added Potage de navet et \u00e9rable (250 ml) 5.00&#036; Adding&#8230; Added Fondues de fromage Fontina du Qu\u00e9bec (2 morceaux) 11.00&#036; Adding&#8230; Added [&hellip;]<\/p>\n","protected":false},"author":1,"featured_media":0,"parent":0,"menu_order":0,"comment_status":"closed","ping_status":"closed","template":"","meta":{"footnotes":""},"class_list":["post-333","page","type-page","status-publish","hentry"],"_links":{"self":[{"href":"https:\/\/conticaffe.com\/en\/wp-json\/wp\/v2\/pages\/333","targetHints":{"allow":["GET"]}}],"collection":[{"href":"https:\/\/conticaffe.com\/en\/wp-json\/wp\/v2\/pages"}],"about":[{"href":"https:\/\/conticaffe.com\/en\/wp-json\/wp\/v2\/types\/page"}],"author":[{"embeddable":true,"href":"https:\/\/conticaffe.com\/en\/wp-json\/wp\/v2\/users\/1"}],"replies":[{"embeddable":true,"href":"https:\/\/conticaffe.com\/en\/wp-json\/wp\/v2\/comments?post=333"}],"version-history":[{"count":2,"href":"https:\/\/conticaffe.com\/en\/wp-json\/wp\/v2\/pages\/333\/revisions"}],"predecessor-version":[{"id":1082,"href":"https:\/\/conticaffe.com\/en\/wp-json\/wp\/v2\/pages\/333\/revisions\/1082"}],"wp:attachment":[{"href":"https:\/\/conticaffe.com\/en\/wp-json\/wp\/v2\/media?parent=333"}],"curies":[{"name":"wp","href":"https:\/\/api.w.org\/{rel}","templated":true}]}}